{"id":24353,"date":"2025-09-01T08:28:07","date_gmt":"2025-09-01T08:28:07","guid":{"rendered":"https:\/\/www.maag-polska.pl\/obrzeza-meblowe\/209-blue\/"},"modified":"2025-09-01T08:44:18","modified_gmt":"2025-09-01T08:44:18","slug":"209-blue","status":"publish","type":"product","link":"https:\/\/www.maag-polska.pl\/de\/obrzeza-meblowe\/209-blue\/","title":{"rendered":"Kanten von M\u00f6beln 209 BLUE"},"content":{"rendered":"<div>\n<p>Das PVC-Kantenband 209 NIEBIESKI \u00fcberzeugt durch seine au\u00dfergew\u00f6hnliche Widerstandskraft gegen mechanische Belastungen im t\u00e4glichen Gebrauch. Als hochwertiges Schreinerzubeh\u00f6r bietet dieses Kantenband einen zuverl\u00e4ssigen Schutz vor UV-Strahlung und beh\u00e4lt seine charakteristische Farbgebung auch nach Jahren bei. Die M\u00f6belkante aus reinem PVC gew\u00e4hrleistet eine bemerkenswerte Sto\u00dffestigkeit und sch\u00fctzt Ihre Werkst\u00fccke effektiv vor Feuchtigkeit und \u00e4u\u00dferen Einfl\u00fcssen.<\/p>\n<p>Die durchdachte Materialbeschaffenheit erm\u00f6glicht eine pr\u00e4zise und zeitsparende Verarbeitung mit minimalem Verschnitt. Dank der optimierten Klebeeigenschaften l\u00e4sst sich das Kantenband m\u00fchelos aufbringen und sorgt f\u00fcr eine dauerhafte Verbindung mit der Tr\u00e4gerplatte. Die exakte Ma\u00dfhaltigkeit reduziert den Nachbearbeitungsaufwand erheblich und garantiert saubere \u00dcberg\u00e4nge bei der M\u00f6belfertigung.<\/p>\n<\/div>\n","protected":false},"excerpt":{"rendered":"<p>22&#215;0,6; 22&#215;1; 22&#215;2; 28&#215;2*; 32&#215;2*; 35&#215;1*; 42&#215;2<\/p>\n","protected":false},"featured_media":15570,"comment_status":"closed","ping_status":"open","template":"","meta":{"_acf_changed":false},"product_brand":[],"product_cat":[923],"product_tag":[],"class_list":{"0":"post-24353","1":"product","2":"type-product","3":"status-publish","4":"has-post-thumbnail","6":"product_cat-kanten-von-mobeln","8":"first","9":"instock","10":"product-type-simple"},"acf":[],"_links":{"self":[{"href":"https:\/\/www.maag-polska.pl\/de\/wp-json\/wp\/v2\/product\/24353","targetHints":{"allow":["GET"]}}],"collection":[{"href":"https:\/\/www.maag-polska.pl\/de\/wp-json\/wp\/v2\/product"}],"about":[{"href":"https:\/\/www.maag-polska.pl\/de\/wp-json\/wp\/v2\/types\/product"}],"replies":[{"embeddable":true,"href":"https:\/\/www.maag-polska.pl\/de\/wp-json\/wp\/v2\/comments?post=24353"}],"wp:featuredmedia":[{"embeddable":true,"href":"https:\/\/www.maag-polska.pl\/de\/wp-json\/wp\/v2\/media\/15570"}],"wp:attachment":[{"href":"https:\/\/www.maag-polska.pl\/de\/wp-json\/wp\/v2\/media?parent=24353"}],"wp:term":[{"taxonomy":"product_brand","embeddable":true,"href":"https:\/\/www.maag-polska.pl\/de\/wp-json\/wp\/v2\/product_brand?post=24353"},{"taxonomy":"product_cat","embeddable":true,"href":"https:\/\/www.maag-polska.pl\/de\/wp-json\/wp\/v2\/product_cat?post=24353"},{"taxonomy":"product_tag","embeddable":true,"href":"https:\/\/www.maag-polska.pl\/de\/wp-json\/wp\/v2\/product_tag?post=24353"}],"curies":[{"name":"wp","href":"https:\/\/api.w.org\/{rel}","templated":true}]}}