{"id":24351,"date":"2025-09-01T08:28:07","date_gmt":"2025-09-01T08:28:07","guid":{"rendered":"https:\/\/www.maag-polska.pl\/obrzeza-meblowe\/208-b-ojcow-green\/"},"modified":"2025-09-01T08:44:17","modified_gmt":"2025-09-01T08:44:17","slug":"208-b-ojcow-green","status":"publish","type":"product","link":"https:\/\/www.maag-polska.pl\/de\/obrzeza-meblowe\/208-b-ojcow-green\/","title":{"rendered":"Kanten von M\u00f6beln 208-B OJCOW GREEN"},"content":{"rendered":"<div>\n<p>Das PVC-Kantenband 208-B ZIELONY OJC\u00d3W, abgestimmt auf Pfleiderer U19515 SD TAJGA, setzt neue Ma\u00dfst\u00e4be in der technischen Pr\u00e4zision. Mit einer speziell entwickelten Molekularstruktur aus reinem PVC erreicht dieses Kantenband eine au\u00dfergew\u00f6hnliche UV-Best\u00e4ndigkeit von \u00fcber 1000 Stunden im Xenontest. Die innovative Oberfl\u00e4chenstruktur erm\u00f6glicht eine optimale Haftung bei Verarbeitungstemperaturen zwischen 180-200\u00b0C und garantiert gleichzeitig eine exzellente Farbstabilit\u00e4t.<\/p>\n<p>Dieses hochwertige Schreinerzubeh\u00f6r \u00fcberzeugt durch seine wirtschaftliche Effizienz im t\u00e4glichen Einsatz. Die M\u00f6belkante zeichnet sich durch minimalen Verschnitt aus, was die Materialkosten deutlich reduziert. Die einfache Verarbeitung spart wertvolle Arbeitszeit, w\u00e4hrend die perfekte Abstimmung auf Woodeco PU2205 TAJGA eine nahtlose Integration in bestehende M\u00f6belkonzepte erm\u00f6glicht. Die hohe Verschlei\u00dffestigkeit des Materials verl\u00e4ngert die Lebensdauer der gefertigten M\u00f6belst\u00fccke erheblich.<\/p>\n<\/div>\n","protected":false},"excerpt":{"rendered":"<p>28&#215;2*<\/p>\n","protected":false},"featured_media":15568,"comment_status":"closed","ping_status":"open","template":"","meta":{"_acf_changed":false},"product_brand":[],"product_cat":[923],"product_tag":[],"class_list":{"0":"post-24351","1":"product","2":"type-product","3":"status-publish","4":"has-post-thumbnail","6":"product_cat-kanten-von-mobeln","8":"first","9":"instock","10":"product-type-simple"},"acf":[],"_links":{"self":[{"href":"https:\/\/www.maag-polska.pl\/de\/wp-json\/wp\/v2\/product\/24351","targetHints":{"allow":["GET"]}}],"collection":[{"href":"https:\/\/www.maag-polska.pl\/de\/wp-json\/wp\/v2\/product"}],"about":[{"href":"https:\/\/www.maag-polska.pl\/de\/wp-json\/wp\/v2\/types\/product"}],"replies":[{"embeddable":true,"href":"https:\/\/www.maag-polska.pl\/de\/wp-json\/wp\/v2\/comments?post=24351"}],"wp:featuredmedia":[{"embeddable":true,"href":"https:\/\/www.maag-polska.pl\/de\/wp-json\/wp\/v2\/media\/15568"}],"wp:attachment":[{"href":"https:\/\/www.maag-polska.pl\/de\/wp-json\/wp\/v2\/media?parent=24351"}],"wp:term":[{"taxonomy":"product_brand","embeddable":true,"href":"https:\/\/www.maag-polska.pl\/de\/wp-json\/wp\/v2\/product_brand?post=24351"},{"taxonomy":"product_cat","embeddable":true,"href":"https:\/\/www.maag-polska.pl\/de\/wp-json\/wp\/v2\/product_cat?post=24351"},{"taxonomy":"product_tag","embeddable":true,"href":"https:\/\/www.maag-polska.pl\/de\/wp-json\/wp\/v2\/product_tag?post=24351"}],"curies":[{"name":"wp","href":"https:\/\/api.w.org\/{rel}","templated":true}]}}