{"id":24331,"date":"2025-09-01T08:27:46","date_gmt":"2025-09-01T08:27:46","guid":{"rendered":"https:\/\/www.maag-polska.pl\/obrzeza-meblowe\/201-pe-pearl-white\/"},"modified":"2025-09-01T08:43:58","modified_gmt":"2025-09-01T08:43:58","slug":"201-pe-pearl-white","status":"publish","type":"product","link":"https:\/\/www.maag-polska.pl\/de\/obrzeza-meblowe\/201-pe-pearl-white\/","title":{"rendered":"Kanten von M\u00f6beln 201-PE PEARL WHITE"},"content":{"rendered":"<div>\n<p>Das PVC-Kantenband 201-PE BIA\u0141Y PER\u0141OWY \u00fcberzeugt durch seine hochpr\u00e4zise Materialkonstruktion mit einer Dichte von 1,42 g\/cm\u00b3. Die perlwei\u00dfe Oberfl\u00e4che des Kantenbands wird durch ein spezielles UV-H\u00e4rtungsverfahren dauerhaft gegen Vergilbung gesch\u00fctzt. Als Schreinerzubeh\u00f6r der Premiumklasse verf\u00fcgt dieses Kantenband \u00fcber eine optimierte Schmelztemperatur von 180-200\u00b0C und garantiert eine makellose Kantenhaftung bei der maschinellen Verarbeitung.<\/p>\n<p>Die M\u00f6belkante in Kronospan 8100 SM &#8211; PER\u0141OWY BIA\u0141Y erm\u00f6glicht durch ihr ausgekl\u00fcgeltes Materialprofil einen minimalen Verschnitt von nur 2%. Die einfache Verarbeitung reduziert Produktionszeiten um bis zu 25% im Vergleich zu Standardmaterialien. Das reine PVC-Material gew\u00e4hrleistet nicht nur eine exzellente Farbstabilit\u00e4t, sondern erm\u00f6glicht auch eine kosteng\u00fcnstige Lagerhaltung durch seine lange Haltbarkeit von \u00fcber 5 Jahren.<\/p>\n<\/div>\n","protected":false},"excerpt":{"rendered":"<p>22&#215;0,6; 22&#215;0,8; 22&#215;2; 35&#215;1*; 42&#215;0,8; 42&#215;2<\/p>\n","protected":false},"featured_media":15549,"comment_status":"closed","ping_status":"open","template":"","meta":{"_acf_changed":false},"product_brand":[],"product_cat":[923],"product_tag":[],"class_list":{"0":"post-24331","1":"product","2":"type-product","3":"status-publish","4":"has-post-thumbnail","6":"product_cat-kanten-von-mobeln","8":"first","9":"instock","10":"product-type-simple"},"acf":[],"_links":{"self":[{"href":"https:\/\/www.maag-polska.pl\/de\/wp-json\/wp\/v2\/product\/24331","targetHints":{"allow":["GET"]}}],"collection":[{"href":"https:\/\/www.maag-polska.pl\/de\/wp-json\/wp\/v2\/product"}],"about":[{"href":"https:\/\/www.maag-polska.pl\/de\/wp-json\/wp\/v2\/types\/product"}],"replies":[{"embeddable":true,"href":"https:\/\/www.maag-polska.pl\/de\/wp-json\/wp\/v2\/comments?post=24331"}],"wp:featuredmedia":[{"embeddable":true,"href":"https:\/\/www.maag-polska.pl\/de\/wp-json\/wp\/v2\/media\/15549"}],"wp:attachment":[{"href":"https:\/\/www.maag-polska.pl\/de\/wp-json\/wp\/v2\/media?parent=24331"}],"wp:term":[{"taxonomy":"product_brand","embeddable":true,"href":"https:\/\/www.maag-polska.pl\/de\/wp-json\/wp\/v2\/product_brand?post=24331"},{"taxonomy":"product_cat","embeddable":true,"href":"https:\/\/www.maag-polska.pl\/de\/wp-json\/wp\/v2\/product_cat?post=24331"},{"taxonomy":"product_tag","embeddable":true,"href":"https:\/\/www.maag-polska.pl\/de\/wp-json\/wp\/v2\/product_tag?post=24331"}],"curies":[{"name":"wp","href":"https:\/\/api.w.org\/{rel}","templated":true}]}}