{"id":24327,"date":"2025-09-01T08:27:46","date_gmt":"2025-09-01T08:27:46","guid":{"rendered":"https:\/\/www.maag-polska.pl\/obrzeza-meblowe\/201-kg-smooth-clascis-white\/"},"modified":"2025-09-01T08:43:56","modified_gmt":"2025-09-01T08:43:56","slug":"201-kg-smooth-clascis-white","status":"publish","type":"product","link":"https:\/\/www.maag-polska.pl\/de\/obrzeza-meblowe\/201-kg-smooth-clascis-white\/","title":{"rendered":"Kanten von M\u00f6beln 201-KG SMOOTH CLASCIS WHITE"},"content":{"rendered":"<div>\n<p>Das PVC-Kantenband in BIA\u0141Y KLASYCZNY G\u0141ADKI \u00fcberzeugt durch seine pr\u00e4zise entwickelte Materialkomposition mit UV-stabilisierten Polymeren. Die technische Basis des Kantenbands gew\u00e4hrleistet eine Temperaturbest\u00e4ndigkeit von -10\u00b0C bis +60\u00b0C bei gleichbleibender Materialdichte. Durch die speziell entwickelte Oberfl\u00e4chenstruktur erreicht dieses Schreinerzubeh\u00f6r optimale Adh\u00e4sionswerte bei der maschinellen Verarbeitung. Die integrierte UV-Schutzschicht verhindert nachweislich Vergilbungen und garantiert Farbstabilit\u00e4t \u00fcber Jahre.<\/p>\n<p>Die M\u00f6belkante in klassischem Wei\u00df erm\u00f6glicht durch ihre ausgewogene Materialbeschaffenheit einen besonders wirtschaftlichen Materialeinsatz mit minimalem Verschnitt. Verarbeiter profitieren von der schnellen Anlaufzeit ohne Vorw\u00e4rmphase und dem reduzierten Werkzeugverschlei\u00df. Das reine PVC-Material gew\u00e4hrleistet nicht nur eine kosteng\u00fcnstige Produktion, sondern auch eine effiziente Lagerhaltung durch seine Langzeitstabilit\u00e4t. Die einfache Verarbeitung spart merklich Zeit im Produktionsprozess und reduziert Ausschussquoten.<\/p>\n<\/div>\n","protected":false},"excerpt":{"rendered":"<p>22&#215;0,6; 22&#215;0,8; 22&#215;1; 22&#215;2; 35&#215;1*; 42&#215;0,8; 42&#215;2<\/p>\n","protected":false},"featured_media":15545,"comment_status":"closed","ping_status":"open","template":"","meta":{"_acf_changed":false},"product_brand":[],"product_cat":[923],"product_tag":[],"class_list":{"0":"post-24327","1":"product","2":"type-product","3":"status-publish","4":"has-post-thumbnail","6":"product_cat-kanten-von-mobeln","8":"first","9":"instock","10":"product-type-simple"},"acf":[],"_links":{"self":[{"href":"https:\/\/www.maag-polska.pl\/de\/wp-json\/wp\/v2\/product\/24327","targetHints":{"allow":["GET"]}}],"collection":[{"href":"https:\/\/www.maag-polska.pl\/de\/wp-json\/wp\/v2\/product"}],"about":[{"href":"https:\/\/www.maag-polska.pl\/de\/wp-json\/wp\/v2\/types\/product"}],"replies":[{"embeddable":true,"href":"https:\/\/www.maag-polska.pl\/de\/wp-json\/wp\/v2\/comments?post=24327"}],"wp:featuredmedia":[{"embeddable":true,"href":"https:\/\/www.maag-polska.pl\/de\/wp-json\/wp\/v2\/media\/15545"}],"wp:attachment":[{"href":"https:\/\/www.maag-polska.pl\/de\/wp-json\/wp\/v2\/media?parent=24327"}],"wp:term":[{"taxonomy":"product_brand","embeddable":true,"href":"https:\/\/www.maag-polska.pl\/de\/wp-json\/wp\/v2\/product_brand?post=24327"},{"taxonomy":"product_cat","embeddable":true,"href":"https:\/\/www.maag-polska.pl\/de\/wp-json\/wp\/v2\/product_cat?post=24327"},{"taxonomy":"product_tag","embeddable":true,"href":"https:\/\/www.maag-polska.pl\/de\/wp-json\/wp\/v2\/product_tag?post=24327"}],"curies":[{"name":"wp","href":"https:\/\/api.w.org\/{rel}","templated":true}]}}