{"id":24317,"date":"2025-09-01T08:27:46","date_gmt":"2025-09-01T08:27:46","guid":{"rendered":"https:\/\/www.maag-polska.pl\/obrzeza-meblowe\/201-al-snow-white\/"},"modified":"2025-09-01T08:43:50","modified_gmt":"2025-09-01T08:43:50","slug":"201-al-snow-white","status":"publish","type":"product","link":"https:\/\/www.maag-polska.pl\/de\/obrzeza-meblowe\/201-al-snow-white\/","title":{"rendered":"Kanten von M\u00f6beln 201-AL SNOW WHITE"},"content":{"rendered":"<div>\n<p>Das PVC-Kantenband 201-AL BIEL ALPEJSKA \u00fcberzeugt durch seine au\u00dfergew\u00f6hnliche Widerstandskraft gegen mechanische Belastungen im t\u00e4glichen Gebrauch. Als hochwertiges Schreinerzubeh\u00f6r bietet dieses Kantenband eine UV-best\u00e4ndige Oberfl\u00e4che, die selbst bei intensiver Sonneneinstrahlung ihre kristallwei\u00dfe Farbbrillanz beibeh\u00e4lt. Die spezielle Materialkomposition aus reinem PVC gew\u00e4hrleistet eine \u00fcberdurchschnittliche Lebensdauer und sch\u00fctzt M\u00f6belkanten zuverl\u00e4ssig vor Feuchtigkeit und Verschlei\u00df.<\/p>\n<p>Die pr\u00e4zise Verarbeitung des Kantenbands erm\u00f6glicht eine zeitsparende Montage ohne aufwendige Nachbearbeitung. Dank der optimierten Materialeigenschaften l\u00e4sst sich ein minimaler Verschnitt realisieren, was besonders bei gr\u00f6\u00dferen Projekten die Effizienz steigert. Die gleichm\u00e4\u00dfige Materialst\u00e4rke und die exakt abgestimmte Klebeschicht garantieren eine problemlose Verarbeitung &#8211; ideal f\u00fcr professionelle M\u00f6belfertigung mit hohem Durchsatz.<\/p>\n<\/div>\n","protected":false},"excerpt":{"rendered":"<p>22&#215;0,6; 22&#215;0,8; 22&#215;1; 22&#215;2; 35&#215;1*; 42&#215;0,8; 42&#215;2<\/p>\n","protected":false},"featured_media":15536,"comment_status":"closed","ping_status":"open","template":"","meta":{"_acf_changed":false},"product_brand":[],"product_cat":[923],"product_tag":[],"class_list":{"0":"post-24317","1":"product","2":"type-product","3":"status-publish","4":"has-post-thumbnail","6":"product_cat-kanten-von-mobeln","8":"first","9":"instock","10":"product-type-simple"},"acf":[],"_links":{"self":[{"href":"https:\/\/www.maag-polska.pl\/de\/wp-json\/wp\/v2\/product\/24317","targetHints":{"allow":["GET"]}}],"collection":[{"href":"https:\/\/www.maag-polska.pl\/de\/wp-json\/wp\/v2\/product"}],"about":[{"href":"https:\/\/www.maag-polska.pl\/de\/wp-json\/wp\/v2\/types\/product"}],"replies":[{"embeddable":true,"href":"https:\/\/www.maag-polska.pl\/de\/wp-json\/wp\/v2\/comments?post=24317"}],"wp:featuredmedia":[{"embeddable":true,"href":"https:\/\/www.maag-polska.pl\/de\/wp-json\/wp\/v2\/media\/15536"}],"wp:attachment":[{"href":"https:\/\/www.maag-polska.pl\/de\/wp-json\/wp\/v2\/media?parent=24317"}],"wp:term":[{"taxonomy":"product_brand","embeddable":true,"href":"https:\/\/www.maag-polska.pl\/de\/wp-json\/wp\/v2\/product_brand?post=24317"},{"taxonomy":"product_cat","embeddable":true,"href":"https:\/\/www.maag-polska.pl\/de\/wp-json\/wp\/v2\/product_cat?post=24317"},{"taxonomy":"product_tag","embeddable":true,"href":"https:\/\/www.maag-polska.pl\/de\/wp-json\/wp\/v2\/product_tag?post=24317"}],"curies":[{"name":"wp","href":"https:\/\/api.w.org\/{rel}","templated":true}]}}