{"id":17823,"date":"2024-11-14T23:39:37","date_gmt":"2024-11-14T23:39:37","guid":{"rendered":"https:\/\/www.maag-polska.pl\/glaenzend\/"},"modified":"2025-03-06T12:52:02","modified_gmt":"2025-03-06T12:52:02","slug":"glaenzend","status":"publish","type":"page","link":"https:\/\/www.maag-polska.pl\/de\/glaenzend\/","title":{"rendered":"Gl\u00e4nzend"},"content":{"rendered":"\t\t<div data-elementor-type=\"wp-page\" data-elementor-id=\"17823\" class=\"elementor elementor-17823 elementor-5189\" data-elementor-post-type=\"page\">\n\t\t\t\t<div class=\"elementor-element elementor-element-858462f e-con-full e-flex e-con e-parent\" data-id=\"858462f\" data-element_type=\"container\" data-e-type=\"container\" data-settings=\"{&quot;enable_glow_container&quot;:&quot;no&quot;}\">\n\t\t<div class=\"elementor-element elementor-element-f806b38 e-con-full e-flex e-con e-child\" data-id=\"f806b38\" data-element_type=\"container\" data-e-type=\"container\" data-settings=\"{&quot;enable_glow_container&quot;:&quot;no&quot;}\">\n\t\t\t\t<div class=\"elementor-element elementor-element-3185d27 elementor-widget elementor-widget-heading\" data-id=\"3185d27\" data-element_type=\"widget\" data-e-type=\"widget\" data-settings=\"{&quot;custom-text-animation&quot;:&quot;type3&quot;,&quot;disable_animation_on_mobile&quot;:&quot;no&quot;}\" data-widget_type=\"heading.default\">\n\t\t\t\t<div class=\"elementor-widget-container\">\n\t\t\t\t\t<div data-animation-type=\"type3\" ><h2 class=\"elementor-heading-title elementor-size-default\"><b>Gl\u00e4nzende und Aluminiumkanten verf\u00fcgbar<\/b><\/h2><\/div>\t\t\t\t<\/div>\n\t\t\t\t<\/div>\n\t\t\t\t<\/div>\n\t\t\t\t<div class=\"elementor-element elementor-element-5ee7c32 elementor-widget elementor-widget-maag-search-widget\" data-id=\"5ee7c32\" data-element_type=\"widget\" data-e-type=\"widget\" data-widget_type=\"maag-search-widget.default\">\n\t\t\t\t<div class=\"elementor-widget-container\">\n\t\t\t\t\t        <form action=\"https:\/\/www.maag-polska.pl\/de\/\" class=\"maag-search-widget\" method=\"get\">\n            <input type='hidden' name='lang' value='de' \/>            <div class=\"search-input-wrapper\">\n                <input type=\"text\" name=\"s\"  placeholder=\"Geben Sie das Symbol oder den Namen der Kante ein\">\n            <\/div>\n            <input type=\"hidden\" name=\"post_type\" value=\"product\">                            <div class=\"search-select-wrapper\">\n                    <select name=\"dopasowanie\">\n                        <option value=\"\">Alle Sammlungen<\/option>\n                        <option value=\"kronospan\">Kronospan<\/option>\n                        <option value=\"pfleiderer\">Pfleiderer<\/option>\n                        <option value=\"woodeco\">Woodeco<\/option>\n                        <option value=\"swiss krono\">Swiss Krono<\/option>\n                        <option value=\"egger\">Egger<\/option>\n                        <option value=\"agt\">AGT<\/option>\n                        <option value=\"falco\">Falco<\/option>\n                        \n                    <\/select>\n                <\/div>\n            \n            <button type=\"submit\">Eine Kante finden<\/button>\n        <\/form>\n        \t\t\t\t<\/div>\n\t\t\t\t<\/div>\n\t\t\t\t<\/div>\n\t\t<div class=\"elementor-element elementor-element-0f18aae e-con-full e-flex e-con e-parent\" data-id=\"0f18aae\" data-element_type=\"container\" data-e-type=\"container\" data-settings=\"{&quot;enable_glow_container&quot;:&quot;no&quot;}\">\n\t\t\t\t<div class=\"elementor-element elementor-element-fe5c744 elementor-grid-5 elementor-grid-tablet-3 elementor-grid-mobile-2 elementor-widget elementor-widget-loop-grid\" data-id=\"fe5c744\" data-element_type=\"widget\" data-e-type=\"widget\" data-settings=\"{&quot;template_id&quot;:17760,&quot;columns&quot;:5,&quot;columns_tablet&quot;:3,&quot;columns_mobile&quot;:2,&quot;row_gap_tablet&quot;:{&quot;unit&quot;:&quot;rem&quot;,&quot;size&quot;:1,&quot;sizes&quot;:[]},&quot;row_gap_mobile&quot;:{&quot;unit&quot;:&quot;rem&quot;,&quot;size&quot;:&quot;&quot;,&quot;sizes&quot;:[]},&quot;_skin&quot;:&quot;post&quot;,&quot;edit_handle_selector&quot;:&quot;[data-elementor-type=\\&quot;loop-item\\&quot;]&quot;,&quot;row_gap&quot;:{&quot;unit&quot;:&quot;px&quot;,&quot;size&quot;:&quot;&quot;,&quot;sizes&quot;:[]}}\" data-widget_type=\"loop-grid.post\">\n\t\t\t\t<div class=\"elementor-widget-container\">\n\t\t\t\t\t\t\t<div class=\"e-loop-nothing-found-message\">\n\t\t<\/div>\n\t\t\t\t\t\t<\/div>\n\t\t\t\t<\/div>\n\t\t\t\t<\/div>\n\t\t<div class=\"elementor-element elementor-element-0565914 e-con-full e-flex e-con e-parent\" data-id=\"0565914\" data-element_type=\"container\" data-e-type=\"container\" data-settings=\"{&quot;enable_glow_container&quot;:&quot;no&quot;}\">\n\t\t<div class=\"elementor-element elementor-element-7304734 e-con-full e-transform e-flex e-con e-child\" data-id=\"7304734\" data-element_type=\"container\" data-e-type=\"container\" data-settings=\"{&quot;background_background&quot;:&quot;classic&quot;,&quot;_transform_scale_effect_hover&quot;:{&quot;unit&quot;:&quot;px&quot;,&quot;size&quot;:1.01,&quot;sizes&quot;:[]},&quot;enable_glow_container&quot;:&quot;no&quot;,&quot;_transform_scale_effect_hover_tablet&quot;:{&quot;unit&quot;:&quot;px&quot;,&quot;size&quot;:&quot;&quot;,&quot;sizes&quot;:[]},&quot;_transform_scale_effect_hover_mobile&quot;:{&quot;unit&quot;:&quot;px&quot;,&quot;size&quot;:&quot;&quot;,&quot;sizes&quot;:[]}}\">\n\t\t\t\t<div class=\"elementor-element elementor-element-d22199a elementor-widget elementor-widget-heading\" data-id=\"d22199a\" data-element_type=\"widget\" data-e-type=\"widget\" data-widget_type=\"heading.default\">\n\t\t\t\t<div class=\"elementor-widget-container\">\n\t\t\t\t\t<h3 class=\"elementor-heading-title elementor-size-default\">Finden Sie die perfekte Passform  <\/h3>\t\t\t\t<\/div>\n\t\t\t\t<\/div>\n\t\t\t\t<div class=\"elementor-element elementor-element-f95e8f3 elementor-widget elementor-widget-text-editor\" data-id=\"f95e8f3\" data-element_type=\"widget\" data-e-type=\"widget\" data-widget_type=\"text-editor.default\">\n\t\t\t\t<div class=\"elementor-widget-container\">\n\t\t\t\t\t\t\t\t\tHaben Sie eine Kante und m\u00f6chten sie an eine M\u00f6belplatte anpassen? Oder haben Sie bereits eine Platte und ben\u00f6tigen daf\u00fcr eine Umleimerleiste? W\u00e4hlen Sie aus Hunderten von Produkten.    \t\t\t\t\t\t\t\t<\/div>\n\t\t\t\t<\/div>\n\t\t<div class=\"elementor-element elementor-element-54c30d4 e-con-full e-flex e-con e-child\" data-id=\"54c30d4\" data-element_type=\"container\" data-e-type=\"container\" data-settings=\"{&quot;enable_glow_container&quot;:&quot;no&quot;}\">\n\t\t\t\t<div class=\"elementor-element elementor-element-f613102 elementor-widget elementor-widget-button\" data-id=\"f613102\" data-element_type=\"widget\" data-e-type=\"widget\" data-widget_type=\"button.default\">\n\t\t\t\t<div class=\"elementor-widget-container\">\n\t\t\t\t\t\t\t\t\t<div class=\"elementor-button-wrapper\">\n\t\t\t\t\t<a class=\"elementor-button elementor-button-link elementor-size-sm\" href=\"https:\/\/www.maag-polska.pl\/de\/ich-habe-eine-kante-und-moechte-eine-moebelplatte-auswaehlen\/\">\n\t\t\t\t\t\t<span class=\"elementor-button-content-wrapper\">\n\t\t\t\t\t\t\t\t\t<span class=\"elementor-button-text\">Passen Sie die Kante an das Brett an<\/span>\n\t\t\t\t\t<\/span>\n\t\t\t\t\t<\/a>\n\t\t\t\t<\/div>\n\t\t\t\t\t\t\t\t<\/div>\n\t\t\t\t<\/div>\n\t\t\t\t<div class=\"elementor-element elementor-element-ea33b19 elementor-widget elementor-widget-button\" data-id=\"ea33b19\" data-element_type=\"widget\" data-e-type=\"widget\" data-widget_type=\"button.default\">\n\t\t\t\t<div class=\"elementor-widget-container\">\n\t\t\t\t\t\t\t\t\t<div class=\"elementor-button-wrapper\">\n\t\t\t\t\t<a class=\"elementor-button elementor-button-link elementor-size-sm\" href=\"https:\/\/www.maag-polska.pl\/de\/ich-habe-eine-moebeltafel-und-moechte-die-kantenumleimer-auswaehlen\/\">\n\t\t\t\t\t\t<span class=\"elementor-button-content-wrapper\">\n\t\t\t\t\t\t\t\t\t<span class=\"elementor-button-text\">Passen Sie das Brett an die Kante an<\/span>\n\t\t\t\t\t<\/span>\n\t\t\t\t\t<\/a>\n\t\t\t\t<\/div>\n\t\t\t\t\t\t\t\t<\/div>\n\t\t\t\t<\/div>\n\t\t\t\t<\/div>\n\t\t\t\t<\/div>\n\t\t<div class=\"elementor-element elementor-element-0329569 e-con-full e-flex e-con e-child\" data-id=\"0329569\" data-element_type=\"container\" data-e-type=\"container\" data-settings=\"{&quot;enable_glow_container&quot;:&quot;no&quot;}\">\n\t\t<div class=\"elementor-element elementor-element-4f89e7d e-con-full e-transform e-flex e-con e-child\" data-id=\"4f89e7d\" data-element_type=\"container\" data-e-type=\"container\" data-settings=\"{&quot;background_background&quot;:&quot;classic&quot;,&quot;_transform_scale_effect_hover&quot;:{&quot;unit&quot;:&quot;px&quot;,&quot;size&quot;:1.01,&quot;sizes&quot;:[]},&quot;enable_glow_container&quot;:&quot;no&quot;,&quot;_transform_scale_effect_hover_tablet&quot;:{&quot;unit&quot;:&quot;px&quot;,&quot;size&quot;:&quot;&quot;,&quot;sizes&quot;:[]},&quot;_transform_scale_effect_hover_mobile&quot;:{&quot;unit&quot;:&quot;px&quot;,&quot;size&quot;:&quot;&quot;,&quot;sizes&quot;:[]}}\">\n\t\t<div class=\"elementor-element elementor-element-08406d6 e-con-full e-flex e-con e-child\" data-id=\"08406d6\" data-element_type=\"container\" data-e-type=\"container\" data-settings=\"{&quot;enable_glow_container&quot;:&quot;no&quot;}\">\n\t\t\t\t<div class=\"elementor-element elementor-element-a9a771d elementor-widget elementor-widget-heading\" data-id=\"a9a771d\" data-element_type=\"widget\" data-e-type=\"widget\" data-widget_type=\"heading.default\">\n\t\t\t\t<div class=\"elementor-widget-container\">\n\t\t\t\t\t<h3 class=\"elementor-heading-title elementor-size-default\">Qualit\u00e4t, die<br> sich auszahlt<\/h3>\t\t\t\t<\/div>\n\t\t\t\t<\/div>\n\t\t\t\t<div class=\"elementor-element elementor-element-56e0dc7 elementor-widget elementor-widget-text-editor\" data-id=\"56e0dc7\" data-element_type=\"widget\" data-e-type=\"widget\" data-widget_type=\"text-editor.default\">\n\t\t\t\t<div class=\"elementor-widget-container\">\n\t\t\t\t\t\t\t\t\tUnsere Preispolitik ist einfach &#8211; wir bieten die besten Preise f\u00fcr Einfassungen, die Ihren Anforderungen entsprechen.\t\t\t\t\t\t\t\t<\/div>\n\t\t\t\t<\/div>\n\t\t\t\t<\/div>\n\t\t\t\t<\/div>\n\t\t<div class=\"elementor-element elementor-element-7c96544 e-con-full e-transform e-flex e-con e-child\" data-id=\"7c96544\" data-element_type=\"container\" data-e-type=\"container\" data-settings=\"{&quot;background_background&quot;:&quot;classic&quot;,&quot;_transform_scale_effect_hover&quot;:{&quot;unit&quot;:&quot;px&quot;,&quot;size&quot;:1.01,&quot;sizes&quot;:[]},&quot;enable_glow_container&quot;:&quot;no&quot;,&quot;_transform_scale_effect_hover_tablet&quot;:{&quot;unit&quot;:&quot;px&quot;,&quot;size&quot;:&quot;&quot;,&quot;sizes&quot;:[]},&quot;_transform_scale_effect_hover_mobile&quot;:{&quot;unit&quot;:&quot;px&quot;,&quot;size&quot;:&quot;&quot;,&quot;sizes&quot;:[]}}\">\n\t\t<div class=\"elementor-element elementor-element-f2449d7 e-con-full e-flex e-con e-child\" data-id=\"f2449d7\" data-element_type=\"container\" data-e-type=\"container\" data-settings=\"{&quot;enable_glow_container&quot;:&quot;no&quot;}\">\n\t\t\t\t<div class=\"elementor-element elementor-element-5478fe3 elementor-widget elementor-widget-heading\" data-id=\"5478fe3\" data-element_type=\"widget\" data-e-type=\"widget\" data-widget_type=\"heading.default\">\n\t\t\t\t<div class=\"elementor-widget-container\">\n\t\t\t\t\t<h3 class=\"elementor-heading-title elementor-size-default\">Heute bestellen, <br>morgen abholen  <\/h3>\t\t\t\t<\/div>\n\t\t\t\t<\/div>\n\t\t\t\t<div class=\"elementor-element elementor-element-1fca474 elementor-widget elementor-widget-text-editor\" data-id=\"1fca474\" data-element_type=\"widget\" data-e-type=\"widget\" data-widget_type=\"text-editor.default\">\n\t\t\t\t<div class=\"elementor-widget-container\">\n\t\t\t\t\t\t\t\t\tHaben Sie Ihre Bestellung bis 14 Uhr aufgegeben? Wir verschicken sie noch am selben Tag. Mit unserem 24-Stunden-Service erhalten Sie Ihr Produkt bereits am n\u00e4chsten Werktag.  \t\t\t\t\t\t\t\t<\/div>\n\t\t\t\t<\/div>\n\t\t\t\t<\/div>\n\t\t\t\t<div class=\"elementor-element elementor-element-f05ae49 elementor-widget__width-inherit elementor-widget elementor-widget-counter\" data-id=\"f05ae49\" data-element_type=\"widget\" data-e-type=\"widget\" data-widget_type=\"counter.default\">\n\t\t\t\t<div class=\"elementor-widget-container\">\n\t\t\t\t\t\t\t<div class=\"elementor-counter\">\n\t\t\t\t\t\t<div class=\"elementor-counter-number-wrapper\">\n\t\t\t\t<span class=\"elementor-counter-number-prefix\"><\/span>\n\t\t\t\t<span class=\"elementor-counter-number\" data-duration=\"4000\" data-to-value=\"24\" data-from-value=\"0\" data-delimiter=\",\">0<\/span>\n\t\t\t\t<span class=\"elementor-counter-number-suffix\">h<\/span>\n\t\t\t<\/div>\n\t\t<\/div>\n\t\t\t\t\t\t<\/div>\n\t\t\t\t<\/div>\n\t\t\t\t<\/div>\n\t\t\t\t<\/div>\n\t\t\t\t<\/div>\n\t\t<div class=\"elementor-element elementor-element-fc284af e-con-full e-flex e-con e-parent\" data-id=\"fc284af\" data-element_type=\"container\" data-e-type=\"container\" data-settings=\"{&quot;enable_glow_container&quot;:&quot;no&quot;}\">\n\t\t<div class=\"elementor-element elementor-element-b26ef27 e-con-full e-transform e-flex e-con e-child\" data-id=\"b26ef27\" data-element_type=\"container\" data-e-type=\"container\" data-settings=\"{&quot;background_background&quot;:&quot;classic&quot;,&quot;_transform_scale_effect_hover&quot;:{&quot;unit&quot;:&quot;px&quot;,&quot;size&quot;:1.01,&quot;sizes&quot;:[]},&quot;enable_glow_container&quot;:&quot;no&quot;,&quot;_transform_scale_effect_hover_tablet&quot;:{&quot;unit&quot;:&quot;px&quot;,&quot;size&quot;:&quot;&quot;,&quot;sizes&quot;:[]},&quot;_transform_scale_effect_hover_mobile&quot;:{&quot;unit&quot;:&quot;px&quot;,&quot;size&quot;:&quot;&quot;,&quot;sizes&quot;:[]}}\">\n\t\t<div class=\"elementor-element elementor-element-3959a4e e-con-full e-flex e-con e-child\" data-id=\"3959a4e\" data-element_type=\"container\" data-e-type=\"container\" data-settings=\"{&quot;enable_glow_container&quot;:&quot;no&quot;}\">\n\t\t\t\t<div class=\"elementor-element elementor-element-512b61b elementor-widget elementor-widget-heading\" data-id=\"512b61b\" data-element_type=\"widget\" data-e-type=\"widget\" data-widget_type=\"heading.default\">\n\t\t\t\t<div class=\"elementor-widget-container\">\n\t\t\t\t\t<h2 class=\"elementor-heading-title elementor-size-default\">Haben Sie nicht gefunden, wonach Sie gesucht haben?  <br>Fragen Sie nach ma\u00dfgeschneiderten L\u00f6sungen<\/h2>\t\t\t\t<\/div>\n\t\t\t\t<\/div>\n\t\t\t\t<div class=\"elementor-element elementor-element-c7a0c95 elementor-widget elementor-widget-text-editor\" data-id=\"c7a0c95\" data-element_type=\"widget\" data-e-type=\"widget\" data-widget_type=\"text-editor.default\">\n\t\t\t\t<div class=\"elementor-widget-container\">\n\t\t\t\t\t\t\t\t\t<p>Geben Sie die Parameter an. M\u00f6glicherweise k\u00f6nnen wir <br>einen Vorteil f\u00fcr Sie schaffen. <\/p>\t\t\t\t\t\t\t\t<\/div>\n\t\t\t\t<\/div>\n\t\t\t\t<\/div>\n\t\t\t\t<div class=\"elementor-element elementor-element-7664d7c elementor-align-left elementor-widget elementor-widget-button\" data-id=\"7664d7c\" data-element_type=\"widget\" data-e-type=\"widget\" data-widget_type=\"button.default\">\n\t\t\t\t<div class=\"elementor-widget-container\">\n\t\t\t\t\t\t\t\t\t<div class=\"elementor-button-wrapper\">\n\t\t\t\t\t<a class=\"elementor-button elementor-button-link elementor-size-sm\" href=\"#formularz\">\n\t\t\t\t\t\t<span class=\"elementor-button-content-wrapper\">\n\t\t\t\t\t\t\t\t\t<span class=\"elementor-button-text\">Ich m\u00f6chte ein individuelles Produkt  <\/span>\n\t\t\t\t\t<\/span>\n\t\t\t\t\t<\/a>\n\t\t\t\t<\/div>\n\t\t\t\t\t\t\t\t<\/div>\n\t\t\t\t<\/div>\n\t\t\t\t<\/div>\n\t\t\t\t<\/div>\n\t\t\t\t<\/div>\n\t\t","protected":false},"excerpt":{"rendered":"<p>Gl\u00e4nzende und Aluminiumkanten verf\u00fcgbar Wszystkie kolekcjeKronospanPfleidererWoodecoKronopol Znajd\u017a obrze\u017ce Finden Sie die perfekte Passform Haben Sie eine Kante und m\u00f6chten sie an eine M\u00f6belplatte anpassen? Oder haben Sie bereits eine Platte und ben\u00f6tigen daf\u00fcr eine Umleimerleiste? W\u00e4hlen Sie aus Hunderten von Produkten. Passen Sie die Kante an das Brett an Passen Sie das Brett an die [&hellip;]<\/p>\n","protected":false},"author":1,"featured_media":0,"parent":0,"menu_order":0,"comment_status":"closed","ping_status":"closed","template":"","meta":{"_acf_changed":false,"footnotes":""},"class_list":["post-17823","page","type-page","status-publish","hentry"],"acf":[],"_links":{"self":[{"href":"https:\/\/www.maag-polska.pl\/de\/wp-json\/wp\/v2\/pages\/17823","targetHints":{"allow":["GET"]}}],"collection":[{"href":"https:\/\/www.maag-polska.pl\/de\/wp-json\/wp\/v2\/pages"}],"about":[{"href":"https:\/\/www.maag-polska.pl\/de\/wp-json\/wp\/v2\/types\/page"}],"author":[{"embeddable":true,"href":"https:\/\/www.maag-polska.pl\/de\/wp-json\/wp\/v2\/users\/1"}],"replies":[{"embeddable":true,"href":"https:\/\/www.maag-polska.pl\/de\/wp-json\/wp\/v2\/comments?post=17823"}],"version-history":[{"count":2,"href":"https:\/\/www.maag-polska.pl\/de\/wp-json\/wp\/v2\/pages\/17823\/revisions"}],"predecessor-version":[{"id":17840,"href":"https:\/\/www.maag-polska.pl\/de\/wp-json\/wp\/v2\/pages\/17823\/revisions\/17840"}],"wp:attachment":[{"href":"https:\/\/www.maag-polska.pl\/de\/wp-json\/wp\/v2\/media?parent=17823"}],"curies":[{"name":"wp","href":"https:\/\/api.w.org\/{rel}","templated":true}]}}